{"id":2,"date":"2016-05-10T03:48:21","date_gmt":"2016-05-10T03:48:21","guid":{"rendered":"http:\/\/wp452m.a10-52-158-154.qa.plesk.ru\/wordpress\/?page_id=2"},"modified":"2026-02-21T20:22:17","modified_gmt":"2026-02-21T18:22:17","slug":"sample-page","status":"publish","type":"page","link":"https:\/\/mb2812.de\/","title":{"rendered":"Hallo Zusammen!"},"content":{"rendered":"\n<div style=\"height:10px\" aria-hidden=\"true\" class=\"wp-block-spacer\"><\/div>\n\n\n\n<p>Es geht hier ums Fotografieren, und zwar durch mich. <\/p>\n\n\n\n<figure class=\"wp-block-image aligncenter size-full is-resized\"><a href=\"https:\/\/mb2812.de\/wp-content\/uploads\/2016\/05\/0000Profile.jpg\" target=\"_blank\" rel=\"noopener\"><img loading=\"lazy\" decoding=\"async\" width=\"1787\" height=\"2383\" src=\"https:\/\/mb2812.de\/wp-content\/uploads\/2016\/05\/0000Profile.jpg\" alt=\"\" class=\"wp-image-79\" style=\"width:600px\" srcset=\"https:\/\/mb2812.de\/wp-content\/uploads\/2016\/05\/0000Profile.jpg 1787w, https:\/\/mb2812.de\/wp-content\/uploads\/2016\/05\/0000Profile-225x300.jpg 225w, https:\/\/mb2812.de\/wp-content\/uploads\/2016\/05\/0000Profile-768x1024.jpg 768w, https:\/\/mb2812.de\/wp-content\/uploads\/2016\/05\/0000Profile-668x891.jpg 668w\" sizes=\"auto, (max-width: 1787px) 100vw, 1787px\" \/><\/a><figcaption class=\"wp-element-caption\"><em>Da bin ich &#8222;bei der Arbeit&#8220;, 2012 auf Long Island aufgenommen<\/em><\/figcaption><\/figure>\n\n\n\n<p>Eine erste Kamera &#8211; eine Agfa Silette &#8211; lag schon in den 60ern irgendwann unter dem Weihnachtsbaum, aber die damit entstandenen Fotografien sind nicht weiter erw\u00e4hnenswert.<\/p>\n\n\n\n<p>Erst als Student Anfang der 80er Jahre kaufte ich mir dann eine Spiegelreflexkamera. Nach einiger Zeit des Herumprobierens konzentrierte ich mich auf Stra\u00dfenbahnen als Hauptmotiv. Mehr dazu weiter unten.<\/p>\n\n\n\n<p>Nach Eintritt ins Berufsleben kam das Fotografieren nach wenigen Jahren mehr oder weniger zum Erliegen. Sp\u00e4testens ab 1990 fotografierte ich nur noch sporadisch im Urlaub, auch wenn ich mir dann und wann eine neue Kamera kaufte. Die Spiegelreflex wurde mir n\u00e4mlich irgendwann zu schwer und ich versuchte mein Gl\u00fcck mit Kompaktkameras, zum Schluss sogar mit einer  Canon Ixus APS-Kamera.<\/p>\n\n\n\n<p>Meine Begeisterung f\u00fcr Computertechnik lie\u00df mich dann recht schnell zu Digitalkameras greifen, die erste mit 1 Megapixel Sensor kaufte ich 2000 in Palm Springs im Urlaub. Es wurde mir allerdings sehr schnell klar, das die Kamera nur f\u00fcr Party Schnappsch\u00fcsse taugte.<\/p>\n\n\n\n<p>2005 gab es dann eine akzeptable Digitalkamera, eine Canon Powershot S45, und seitdem fotografiere ich wieder mehr, insbesondere im Urlaub.<\/p>\n\n\n\n<p class=\"has-text-align-center has-contrast-color has-accent-5-background-color has-text-color has-background has-link-color has-medium-font-size wp-elements-eb321f2275f8464b090e5dc695aab2c3\"><strong>Der Fotoblog<\/strong><\/p>\n\n\n\n<p>Nach der langen &#8222;Wie alles begann&#8220; Geschichte hier das Fazit: Auf diesen Seiten gibt es Berichte und vor allem Fotos meiner Urlaubsreisen und auch diverser kleinerer Ausfl\u00fcge.<\/p>\n\n\n\n<p>Nach einer ersten Dienstreise im Fr\u00fchjahr 1990 nach Toronto war ich in den 90er Jahren fast j\u00e4hrlich in den USA, Anfang der 2000er gab es eine L\u00fccke, auch verursacht durch den damals sehr starken Dollar.  Zusammen mit Stephan war ich dann ab 2005 wieder h\u00e4ufiger dort. Zweimal waren wir auch in die entgegengesetzte Richtung &#8211; nach Osten &#8211; unterwegs und besuchten Australien mit Stopover in asiatischen Metropolen.<\/p>\n\n\n\n<p>Seit 2020 haben uns zun\u00e4chst Corona und sp\u00e4ter famili\u00e4re Gr\u00fcnde von Fernreisen abgehalten, damit gibt es nun jede Menge Berichte und Fotos aus Deutschland und Europa.<\/p>\n\n\n\n<p>Hier nun die Liste meiner &#8222;gro\u00dfen&#8220; Urlaubsreisen seit 2005. Sofern ein Link hinterlegt ist, gibt es einen mehr oder weniger ausf\u00fchrlichen Reisebericht, zumindest aber Fotos:<\/p>\n\n\n\n<ul class=\"wp-block-list\">\n<li><a href=\"https:\/\/mb2812.de\/?p=8593\" data-type=\"post\" data-id=\"8593\">2005 &#8211; USA: Florida<\/a><\/li>\n\n\n\n<li><a href=\"https:\/\/mb2812.de\/?p=15882\">2006 &#8211; Balaton und Graz<\/a><\/li>\n\n\n\n<li><a href=\"https:\/\/mb2812.de\/?p=10024\" data-type=\"post\" data-id=\"10024\">2007 &#8211; England und Schottland<\/a><\/li>\n\n\n\n<li><a href=\"https:\/\/mb2812.de\/?p=517\" data-type=\"post\" data-id=\"517\">2008 &#8211; USA: Kalifornien<\/a><\/li>\n\n\n\n<li><a href=\"https:\/\/mb2812.de\/?p=1156\" data-type=\"post\" data-id=\"1156\">2009 &#8211; USA: Der Westen<\/a><\/li>\n\n\n\n<li><a href=\"https:\/\/mb2812.de\/?p=3470\" data-type=\"post\" data-id=\"3470\">2009 &#8211; USA: Florida<\/a><\/li>\n\n\n\n<li><a href=\"https:\/\/mb2812.de\/?p=1102\" data-type=\"post\" data-id=\"1102\">2010 &#8211; USA: Die Ostk\u00fcste<\/a><\/li>\n\n\n\n<li><a href=\"https:\/\/mb2812.de\/?p=2884\" data-type=\"post\" data-id=\"2884\">2011 &#8211; England<\/a><\/li>\n\n\n\n<li><a href=\"https:\/\/mb2812.de\/?p=8302\" data-type=\"post\" data-id=\"8302\">2011 &#8211; USA: Der S\u00fcden (von Houston nach Miami)<\/a><\/li>\n\n\n\n<li><a href=\"https:\/\/mb2812.de\/?p=55\" data-type=\"post\" data-id=\"55\">2012 &#8211; USA: Neuengland<\/a><\/li>\n\n\n\n<li><a href=\"https:\/\/mb2812.de\/?p=15890\" data-type=\"post\" data-id=\"15890\">2013 &#8211; Mallorca<\/a><\/li>\n\n\n\n<li><a href=\"https:\/\/mb2812.de\/?p=1422\" data-type=\"post\" data-id=\"1422\">2014 &#8211; USA: Die Mitte \/ Great Lakes<\/a><\/li>\n\n\n\n<li>2015 &#8211; Israel<\/li>\n\n\n\n<li><a href=\"https:\/\/mb2812.de\/?cat=10\" data-type=\"category\" data-id=\"10\">2016 &#8211; Australien und Singapur<\/a><\/li>\n\n\n\n<li><a href=\"https:\/\/mb2812.de\/?p=3508\" data-type=\"post\" data-id=\"3508\">2017 &#8211; Australien und Hong Kong<\/a><\/li>\n\n\n\n<li><a href=\"https:\/\/mb2812.de\/?p=6468\" data-type=\"post\" data-id=\"6468\">2018 &#8211; Jersey (Kanalinsel)<\/a><\/li>\n\n\n\n<li><a href=\"https:\/\/mb2812.de\/?p=8726\" data-type=\"post\" data-id=\"8726\">2019 &#8211; USA: Florida und Georgia<\/a><\/li>\n\n\n\n<li><a href=\"https:\/\/mb2812.de\/?p=10290\" data-type=\"post\" data-id=\"10290\">2020 &#8211; &#8222;Zuhause&#8220;<\/a><\/li>\n\n\n\n<li><a href=\"https:\/\/mb2812.de\/?p=10981\" data-type=\"post\" data-id=\"10981\">2021 &#8211; Ebenfalls &#8222;Zuhause&#8220;<\/a><\/li>\n\n\n\n<li><a href=\"https:\/\/mb2812.de\/?p=11478\" data-type=\"post\" data-id=\"11478\">2022 &#8211; Nochmal &#8222;Zuhause&#8220; (Wellness- und Gourmeturlaub)<\/a><\/li>\n\n\n\n<li><a href=\"https:\/\/mb2812.de\/?p=11885\" data-type=\"post\" data-id=\"11885\">2022 &#8211; Schweiz<\/a><\/li>\n\n\n\n<li><a href=\"https:\/\/mb2812.de\/?p=12643\" data-type=\"post\" data-id=\"12643\">2023 &#8211; Nord und S\u00fcd<\/a><\/li>\n\n\n\n<li><a href=\"https:\/\/mb2812.de\/?p=14188\" data-type=\"post\" data-id=\"14188\">2024 &#8211; D\u00e4nemark und Schweiz<\/a><\/li>\n\n\n\n<li><a href=\"https:\/\/mb2812.de\/?p=18012\" data-type=\"post\" data-id=\"18012\">2025 &#8211; &#8222;Europa&#8220;<\/a><\/li>\n<\/ul>\n\n\n\n<p class=\"has-text-align-center has-contrast-color has-accent-5-background-color has-text-color has-background has-link-color has-medium-font-size wp-elements-1d64e2daba15fde9bae2ec2fce194b57\"><strong>Mal etwas Anderes: Stra\u00dfenbahnen in den 80er Jahren<\/strong><\/p>\n\n\n\n<figure class=\"wp-block-image aligncenter size-full is-resized\"><img loading=\"lazy\" decoding=\"async\" width=\"1440\" height=\"1920\" src=\"https:\/\/mb2812.de\/wp-content\/uploads\/2024\/11\/Scan82-048-3819-3820_edit-2284.jpg\" alt=\"\" class=\"wp-image-14787\" style=\"width:600px\" srcset=\"https:\/\/mb2812.de\/wp-content\/uploads\/2024\/11\/Scan82-048-3819-3820_edit-2284.jpg 1440w, https:\/\/mb2812.de\/wp-content\/uploads\/2024\/11\/Scan82-048-3819-3820_edit-2284-225x300.jpg 225w, https:\/\/mb2812.de\/wp-content\/uploads\/2024\/11\/Scan82-048-3819-3820_edit-2284-768x1024.jpg 768w, https:\/\/mb2812.de\/wp-content\/uploads\/2024\/11\/Scan82-048-3819-3820_edit-2284-1152x1536.jpg 1152w, https:\/\/mb2812.de\/wp-content\/uploads\/2024\/11\/Scan82-048-3819-3820_edit-2284-668x891.jpg 668w\" sizes=\"auto, (max-width: 1440px) 100vw, 1440px\" \/><\/figure>\n\n\n\n<p>Wie gesagt, 1981 kaufte ich mir eine Spiegelreflexkamera. Als Student hatte ich nicht viel Geld, aber durchaus Zeit, und so fuhr ich mit dem Tramper-Monats-Ticket durch Deutschland und klapperte die St\u00e4dte mit Stra\u00dfenbahnen ab.<\/p>\n\n\n\n<p>Aus dieser Zeit gibt es jede Menge Farbdias und Schwarzwei\u00df-Negative, an deren Digitalisierung ich derzeit arbeite. Mit einigen Schwarwei\u00dffotos aus dem Fr\u00fchjahr 1983 fange ich mal an, auch diese Fotos vorzustellen:<\/p>\n\n\n\n<ul class=\"wp-block-list\">\n<li><a href=\"https:\/\/mb2812.de\/?p=14731\" data-type=\"post\" data-id=\"14731\">Dortmund &#8211; Die Stadtbahn kommt (Jan\/Feb 1983)<\/a><\/li>\n\n\n\n<li><a href=\"https:\/\/mb2812.de\/?p=14474\" data-type=\"post\" data-id=\"14474\">TMT Tour Fr\u00fchjahr 1983 (M\u00e4rz\/April)<\/a><\/li>\n\n\n\n<li><a href=\"https:\/\/mb2812.de\/?p=16032\" data-type=\"post\" data-id=\"16032\">Z\u00fcrich &#8211; Er\u00f6ffnung Tram Schwamendingen (1986)<\/a><\/li>\n<\/ul>\n\n\n\n<p class=\"has-text-align-center has-contrast-color has-accent-5-background-color has-text-color has-background has-link-color wp-elements-0044c68d95e55e125a61c413e3feb4e7\">Viel Spass beim Lesen und Anschauen w\u00fcnscht<br><br>Manfred<\/p>\n\n\n\n<p><\/p>\n","protected":false},"excerpt":{"rendered":"<p>Es geht hier ums Fotografieren, und zwar durch mich. Eine erste Kamera &#8211; eine Agfa Silette &#8211; lag schon in den 60ern irgendwann unter dem Weihnachtsbaum, aber die damit entstandenen Fotografien sind nicht weiter erw\u00e4hnenswert. Erst als Student Anfang der 80er Jahre kaufte ich mir dann eine Spiegelreflexkamera. Nach einiger Zeit des Herumprobierens konzentrierte ich [&hellip;]<\/p>\n","protected":false},"author":1,"featured_media":0,"parent":0,"menu_order":0,"comment_status":"closed","ping_status":"open","template":"","meta":{"footnotes":""},"class_list":["post-2","page","type-page","status-publish","hentry"],"_links":{"self":[{"href":"https:\/\/mb2812.de\/index.php?rest_route=\/wp\/v2\/pages\/2","targetHints":{"allow":["GET"]}}],"collection":[{"href":"https:\/\/mb2812.de\/index.php?rest_route=\/wp\/v2\/pages"}],"about":[{"href":"https:\/\/mb2812.de\/index.php?rest_route=\/wp\/v2\/types\/page"}],"author":[{"embeddable":true,"href":"https:\/\/mb2812.de\/index.php?rest_route=\/wp\/v2\/users\/1"}],"replies":[{"embeddable":true,"href":"https:\/\/mb2812.de\/index.php?rest_route=%2Fwp%2Fv2%2Fcomments&post=2"}],"version-history":[{"count":136,"href":"https:\/\/mb2812.de\/index.php?rest_route=\/wp\/v2\/pages\/2\/revisions"}],"predecessor-version":[{"id":18797,"href":"https:\/\/mb2812.de\/index.php?rest_route=\/wp\/v2\/pages\/2\/revisions\/18797"}],"wp:attachment":[{"href":"https:\/\/mb2812.de\/index.php?rest_route=%2Fwp%2Fv2%2Fmedia&parent=2"}],"curies":[{"name":"wp","href":"https:\/\/api.w.org\/{rel}","templated":true}]}}