{"id":15670,"date":"2009-05-01T17:25:00","date_gmt":"2009-05-01T15:25:00","guid":{"rendered":"https:\/\/mb2812.de\/?page_id=15670"},"modified":"2024-12-06T17:36:19","modified_gmt":"2024-12-06T15:36:19","slug":"glen-canyon-nra","status":"publish","type":"page","link":"https:\/\/mb2812.de\/?page_id=15670","title":{"rendered":"Glen Canyon NRA"},"content":{"rendered":"\n<p>Die Glen Canyon National Recreational Area ist ein riesiges Gebiet entlang des Lake Powell bzw. Colorado River, zumeist nur zug\u00e4nglich mit Gel\u00e4ndewagen oder Boot. Der gr\u00f6\u00dfte Teil liegt in Utah, ein kleiner Teil im S\u00fcden auch in Arizona.<\/p>\n\n\n\n<p>Am n\u00f6rdlichen Ende durchfuhren wir die Glen Canyon NRA bei Hite auf der <a href=\"https:\/\/mb2812.de\/?p=1629\" data-type=\"post\" data-id=\"1629\">Fahrt von Torrey nach Kayenta<\/a>.<\/p>\n\n\n\n<p>Im S\u00fcden rund um <a href=\"https:\/\/mb2812.de\/?tag=page\" data-type=\"post_tag\" data-id=\"353\">Page<\/a> ist das Gebiet zug\u00e4nglicher. Bei unserem Aufenthalt in Page besichtigten wir den Glen Canyon Damm, Aussichtspunkte am Lake Powell (z.B. &#8222;Lone Rock&#8220;), den Horseshoe Bend und Lees Ferry.<\/p>\n\n\n\n<p><\/p>\n","protected":false},"excerpt":{"rendered":"<p>Die Glen Canyon National Recreational Area ist ein riesiges Gebiet entlang des Lake Powell bzw. Colorado River, zumeist nur zug\u00e4nglich mit Gel\u00e4ndewagen oder Boot. Der gr\u00f6\u00dfte Teil liegt in Utah, ein kleiner Teil im S\u00fcden auch in Arizona. Am n\u00f6rdlichen Ende durchfuhren wir die Glen Canyon NRA bei Hite auf der Fahrt von Torrey nach [&hellip;]<\/p>\n","protected":false},"author":1,"featured_media":0,"parent":0,"menu_order":0,"comment_status":"closed","ping_status":"closed","template":"","meta":{"footnotes":""},"class_list":["post-15670","page","type-page","status-publish","hentry"],"_links":{"self":[{"href":"https:\/\/mb2812.de\/index.php?rest_route=\/wp\/v2\/pages\/15670","targetHints":{"allow":["GET"]}}],"collection":[{"href":"https:\/\/mb2812.de\/index.php?rest_route=\/wp\/v2\/pages"}],"about":[{"href":"https:\/\/mb2812.de\/index.php?rest_route=\/wp\/v2\/types\/page"}],"author":[{"embeddable":true,"href":"https:\/\/mb2812.de\/index.php?rest_route=\/wp\/v2\/users\/1"}],"replies":[{"embeddable":true,"href":"https:\/\/mb2812.de\/index.php?rest_route=%2Fwp%2Fv2%2Fcomments&post=15670"}],"version-history":[{"count":2,"href":"https:\/\/mb2812.de\/index.php?rest_route=\/wp\/v2\/pages\/15670\/revisions"}],"predecessor-version":[{"id":15674,"href":"https:\/\/mb2812.de\/index.php?rest_route=\/wp\/v2\/pages\/15670\/revisions\/15674"}],"wp:attachment":[{"href":"https:\/\/mb2812.de\/index.php?rest_route=%2Fwp%2Fv2%2Fmedia&parent=15670"}],"curies":[{"name":"wp","href":"https:\/\/api.w.org\/{rel}","templated":true}]}}