{"id":12830,"date":"2023-06-27T14:00:15","date_gmt":"2023-06-27T12:00:15","guid":{"rendered":"http:\/\/reiseblog.mb2812.de\/?page_id=12830"},"modified":"2026-03-05T12:02:02","modified_gmt":"2026-03-05T10:02:02","slug":"usa","status":"publish","type":"page","link":"https:\/\/mb2812.de\/?page_id=12830","title":{"rendered":"USA"},"content":{"rendered":"\n<p>Viele unserer Urlaube f\u00fchrten uns in die USA.<\/p>\n\n\n\n<p>Hier die Liste der gro\u00dfen St\u00e4dte, Nationalparks und Attraktionen, die wir besucht haben &#8211; sortiert nach Staaten.<\/p>\n\n\n\n<ul class=\"wp-block-list\">\n<li>Alabama<\/li>\n\n\n\n<li><a href=\"https:\/\/mb2812.de\/?tag=arizona\" data-type=\"post_tag\" data-id=\"319\">Arizona<\/a>\n<ul class=\"wp-block-list\">\n<li><a href=\"https:\/\/mb2812.de\/?page_id=15670\" data-type=\"page\" data-id=\"15670\">Glen Canyon NRA (Lake Powell)<\/a><\/li>\n\n\n\n<li><a href=\"https:\/\/mb2812.de\/?tag=grand-canyon\" data-type=\"post_tag\" data-id=\"356\">Grand Canyon NP<\/a><\/li>\n\n\n\n<li><a href=\"https:\/\/mb2812.de\/?tag=montezuma-castle\" data-type=\"post_tag\" data-id=\"361\">Montezuma Castle NM<\/a><\/li>\n\n\n\n<li><a href=\"https:\/\/mb2812.de\/?tag=monument-valley\" data-type=\"post_tag\" data-id=\"331\">Monument Valley<\/a><\/li>\n\n\n\n<li><a href=\"https:\/\/mb2812.de\/?tag=page\" data-type=\"post_tag\" data-id=\"353\">Page<\/a><\/li>\n\n\n\n<li><a href=\"https:\/\/mb2812.de\/?tag=sedona\" data-type=\"post_tag\" data-id=\"359\">Sedona<\/a><\/li>\n\n\n\n<li><a href=\"https:\/\/mb2812.de\/?tag=walnut-canyon\" data-type=\"post_tag\" data-id=\"362\">Walnut Canyon NM<\/a><\/li>\n<\/ul>\n<\/li>\n\n\n\n<li><a href=\"http:\/\/reiseblog.mb2812.de\/?tag=kalifornien\">California<\/a>\n<ul class=\"wp-block-list\">\n<li><a href=\"https:\/\/mb2812.de\/?tag=death-valley\">Death Valley NP<\/a><\/li>\n\n\n\n<li>Devils Postpile NM<\/li>\n\n\n\n<li><a href=\"https:\/\/mb2812.de\/?tag=joshua-tree-national-park\" data-type=\"post_tag\" data-id=\"235\">Joshua Tree NP<\/a><\/li>\n\n\n\n<li>Lava Beds NM<\/li>\n\n\n\n<li><a href=\"https:\/\/mb2812.de\/?tag=los-angeles\">Los Angeles<\/a> mit Santa Monica, Venice Beach, Hollywood und Long Beach<\/li>\n\n\n\n<li><a href=\"https:\/\/mb2812.de\/?tag=palm-springs\">Palm Springs<\/a><\/li>\n\n\n\n<li><a href=\"https:\/\/mb2812.de\/?tag=point-reyes\" data-type=\"post_tag\" data-id=\"223\">Point Reyes NS<\/a><\/li>\n\n\n\n<li><a href=\"https:\/\/mb2812.de\/?tag=redwoods\" data-type=\"post_tag\" data-id=\"224\">Redwood NP<\/a><\/li>\n\n\n\n<li><a href=\"https:\/\/mb2812.de\/?tag=san-francisco\">San Francisco<\/a><\/li>\n\n\n\n<li><a href=\"https:\/\/mb2812.de\/?tag=sequoia-national-park\" data-type=\"post_tag\" data-id=\"218\">Sequoia NP<\/a><\/li>\n\n\n\n<li><a href=\"https:\/\/mb2812.de\/?tag=yosemite-national-park\" data-type=\"post_tag\" data-id=\"219\">Yosemite NP<\/a><\/li>\n<\/ul>\n<\/li>\n\n\n\n<li><a href=\"https:\/\/mb2812.de\/?tag=colorado\" data-type=\"post_tag\" data-id=\"321\">Colorado<\/a>\n<ul class=\"wp-block-list\">\n<li><a href=\"https:\/\/mb2812.de\/?tag=black-canyon-of-the-gunnison\" data-type=\"post_tag\" data-id=\"337\">Black Canyon of the Gunnison NP<\/a><\/li>\n\n\n\n<li><a href=\"https:\/\/mb2812.de\/?tag=durango\" data-type=\"post_tag\" data-id=\"334\">Durango &amp; Silverton Railroad<\/a><\/li>\n\n\n\n<li><a href=\"https:\/\/mb2812.de\/?tag=colorado-bm\" data-type=\"post_tag\" data-id=\"338\">Colorado NM<\/a><\/li>\n\n\n\n<li><a href=\"https:\/\/mb2812.de\/?tag=mesa-verde\" data-type=\"post_tag\" data-id=\"333\">Mesa Verde NP<\/a><\/li>\n<\/ul>\n<\/li>\n\n\n\n<li><a href=\"https:\/\/mb2812.de\/?tag=connecticut\" data-type=\"post_tag\" data-id=\"478\">Connecticut<\/a><\/li>\n\n\n\n<li><a href=\"https:\/\/mb2812.de\/?tag=delaware\">Delaware<\/a><\/li>\n\n\n\n<li><a href=\"http:\/\/reiseblog.mb2812.de\/?tag=florida\">Florida<\/a>\n<ul class=\"wp-block-list\">\n<li>Biscayne NP<\/li>\n\n\n\n<li><a href=\"https:\/\/mb2812.de\/?tag=disney\" data-type=\"post_tag\" data-id=\"109\">Disney (EPCOT, Disneyworld)<\/a><\/li>\n\n\n\n<li><a href=\"https:\/\/mb2812.de\/?tag=everglades\" data-type=\"post_tag\" data-id=\"106\">Everglades NP<\/a><\/li>\n\n\n\n<li><a href=\"https:\/\/mb2812.de\/?tag=ft-myers-beach\" data-type=\"post_tag\" data-id=\"107\">Ft. Myers und Ft. Myers Beach<\/a><\/li>\n\n\n\n<li><a href=\"https:\/\/mb2812.de\/?tag=jacksonville\" data-type=\"post_tag\" data-id=\"409\">Jacksonville<\/a><\/li>\n\n\n\n<li><a href=\"https:\/\/mb2812.de\/?tag=key-west\" data-type=\"post_tag\" data-id=\"113\">Key West<\/a><\/li>\n\n\n\n<li><a href=\"https:\/\/mb2812.de\/?tag=miami\" data-type=\"post_tag\" data-id=\"111\">Miami<\/a> und <a href=\"https:\/\/mb2812.de\/?tag=miami-beach\" data-type=\"post_tag\" data-id=\"112\">Miami Beach<\/a><\/li>\n\n\n\n<li><a href=\"https:\/\/mb2812.de\/?tag=naples\" data-type=\"post_tag\" data-id=\"429\">Naples<\/a><\/li>\n\n\n\n<li><a href=\"https:\/\/mb2812.de\/?tag=orlando\" data-type=\"post_tag\" data-id=\"426\">Orlando<\/a><\/li>\n\n\n\n<li><a href=\"https:\/\/mb2812.de\/?tag=st-petersburg\" data-type=\"post_tag\" data-id=\"108\">St. Petersburg<\/a> und <a href=\"https:\/\/mb2812.de\/?tag=tampa\" data-type=\"post_tag\" data-id=\"443\">Tampa<\/a><\/li>\n\n\n\n<li><a href=\"https:\/\/mb2812.de\/?tag=timucuan-ecological-and-historic-reserve\" data-type=\"post_tag\" data-id=\"407\">Timucuan Ecological and Historical Preseve<\/a><\/li>\n<\/ul>\n<\/li>\n\n\n\n<li><a href=\"https:\/\/mb2812.de\/?tag=georgia\">Georgia<\/a>\n<ul class=\"wp-block-list\">\n<li><a href=\"https:\/\/mb2812.de\/?tag=atlanta\">Atlanta<\/a><\/li>\n\n\n\n<li><a href=\"https:\/\/mb2812.de\/?tag=macon\" data-type=\"post_tag\" data-id=\"404\">Macon<\/a><\/li>\n\n\n\n<li><a href=\"https:\/\/mb2812.de\/?tag=martin-luther-king-historical-park\">Martin Luther King Jr. NHP<\/a><\/li>\n\n\n\n<li><a href=\"https:\/\/mb2812.de\/?tag=ocmulgee-national-historic-park\" data-type=\"post_tag\" data-id=\"402\">Ocmulgee Mounds NHP<\/a><\/li>\n\n\n\n<li><a href=\"https:\/\/mb2812.de\/?tag=okefenokee-swamp\" data-type=\"post_tag\" data-id=\"406\">Okefenokee Swamp NWR<\/a><\/li>\n\n\n\n<li><a href=\"https:\/\/mb2812.de\/?tag=plains\" data-type=\"post_tag\" data-id=\"397\">Plains<\/a><\/li>\n\n\n\n<li><a href=\"https:\/\/mb2812.de\/?tag=savannah\" data-type=\"post_tag\" data-id=\"584\">Savannah<\/a><\/li>\n<\/ul>\n<\/li>\n\n\n\n<li><a href=\"https:\/\/mb2812.de\/?tag=idaho\" data-type=\"post_tag\" data-id=\"344\">Idaho<\/a><\/li>\n\n\n\n<li><a href=\"https:\/\/mb2812.de\/?tag=illinois\" data-type=\"post_tag\" data-id=\"437\">Illinois<\/a>\n<ul class=\"wp-block-list\">\n<li><a href=\"https:\/\/mb2812.de\/?tag=chicago\" data-type=\"post_tag\" data-id=\"382\">Chicago<\/a><\/li>\n<\/ul>\n<\/li>\n\n\n\n<li><a href=\"https:\/\/mb2812.de\/?tag=indiana\" data-type=\"post_tag\" data-id=\"463\">Indiana<\/a><\/li>\n\n\n\n<li><a href=\"https:\/\/mb2812.de\/?tag=iowa\" data-type=\"post_tag\" data-id=\"440\">Iowa<\/a><\/li>\n\n\n\n<li><a href=\"https:\/\/mb2812.de\/?tag=louisiana\" data-type=\"post_tag\" data-id=\"533\">Louisiana<\/a>\n<ul class=\"wp-block-list\">\n<li><a href=\"https:\/\/mb2812.de\/?tag=new-orleans\" data-type=\"post_tag\" data-id=\"535\">New Orleans<\/a><\/li>\n<\/ul>\n<\/li>\n\n\n\n<li><a href=\"https:\/\/mb2812.de\/?tag=maine\" data-type=\"post_tag\" data-id=\"494\">Maine<\/a>\n<ul class=\"wp-block-list\">\n<li><a href=\"https:\/\/mb2812.de\/?tag=acadia-national-park\" data-type=\"post_tag\" data-id=\"506\">Acadia NP<\/a><\/li>\n<\/ul>\n<\/li>\n\n\n\n<li><a href=\"https:\/\/mb2812.de\/?tag=maryland\" data-type=\"post_tag\" data-id=\"574\">Maryland<\/a><\/li>\n\n\n\n<li><a href=\"https:\/\/mb2812.de\/?tag=massachusetts\" data-type=\"post_tag\" data-id=\"481\">Massachusetts<\/a>\n<ul class=\"wp-block-list\">\n<li><a href=\"https:\/\/mb2812.de\/?tag=boston\" data-type=\"post_tag\" data-id=\"484\">Boston<\/a><\/li>\n\n\n\n<li><a href=\"https:\/\/mb2812.de\/?tag=plymouth\" data-type=\"post_tag\" data-id=\"482\">Plymouth<\/a><\/li>\n\n\n\n<li><a href=\"https:\/\/mb2812.de\/?tag=provincetown\" data-type=\"post_tag\" data-id=\"489\">Provincetown<\/a><\/li>\n\n\n\n<li><a href=\"https:\/\/mb2812.de\/?tag=salem\" data-type=\"post_tag\" data-id=\"491\">Salem Maritime NHS<\/a><\/li>\n\n\n\n<li><a href=\"https:\/\/mb2812.de\/?tag=saugus-iron-works\" data-type=\"post_tag\" data-id=\"490\">Saugus Iron Works NHS<\/a><\/li>\n<\/ul>\n<\/li>\n\n\n\n<li><a href=\"https:\/\/mb2812.de\/?tag=michigan\" data-type=\"post_tag\" data-id=\"452\">Michigan<\/a>\n<ul class=\"wp-block-list\">\n<li><a href=\"https:\/\/mb2812.de\/?tag=lake-michigan\" data-type=\"post_tag\" data-id=\"458\">Lake Michigan<\/a><\/li>\n\n\n\n<li><a href=\"https:\/\/mb2812.de\/?tag=lake-superior\" data-type=\"post_tag\" data-id=\"450\">Lake Superior<\/a><\/li>\n\n\n\n<li><a href=\"https:\/\/mb2812.de\/?tag=mackinac-island\" data-type=\"post_tag\" data-id=\"461\">Mackinac Island<\/a><\/li>\n\n\n\n<li><a href=\"https:\/\/mb2812.de\/?tag=pictured-rocks-national-lakeshore\" data-type=\"post_tag\" data-id=\"459\">Pictured Rocks NL<\/a><\/li>\n\n\n\n<li><a href=\"https:\/\/mb2812.de\/?tag=sleeping-bear-dunes\" data-type=\"post_tag\" data-id=\"462\">Sleeping Bear Dunes NL<\/a><\/li>\n<\/ul>\n<\/li>\n\n\n\n<li><a href=\"https:\/\/mb2812.de\/?tag=minnesota\" data-type=\"post_tag\" data-id=\"448\">Minnesota<\/a>\n<ul class=\"wp-block-list\">\n<li><a href=\"https:\/\/mb2812.de\/?tag=duluth\" data-type=\"post_tag\" data-id=\"447\">Duluth<\/a><\/li>\n\n\n\n<li><a href=\"https:\/\/mb2812.de\/?tag=lake-superior\" data-type=\"post_tag\" data-id=\"450\">Lake Superior<\/a><\/li>\n<\/ul>\n<\/li>\n\n\n\n<li>Mississippi<\/li>\n\n\n\n<li><a href=\"https:\/\/mb2812.de\/?tag=montana\" data-type=\"post_tag\" data-id=\"323\">Montana<\/a><\/li>\n\n\n\n<li><a href=\"http:\/\/reiseblog.mb2812.de\/?tag=nevada\">Nevada<\/a>\n<ul class=\"wp-block-list\">\n<li>Death Valley NP<\/li>\n\n\n\n<li><a href=\"https:\/\/mb2812.de\/?tag=las-vegas\">Las Vegas<\/a><\/li>\n\n\n\n<li><a href=\"https:\/\/mb2812.de\/?tag=valley-of-fire\" data-type=\"post_tag\" data-id=\"324\">Valley of Fire<\/a><\/li>\n<\/ul>\n<\/li>\n\n\n\n<li><a href=\"https:\/\/mb2812.de\/?tag=new-hampshire\" data-type=\"post_tag\" data-id=\"493\">New Hampshire<\/a><\/li>\n\n\n\n<li><a href=\"https:\/\/mb2812.de\/?tag=new-jersey\" data-type=\"post_tag\" data-id=\"503\">New Jersey<\/a>\n<ul class=\"wp-block-list\">\n<li><a href=\"https:\/\/mb2812.de\/?tag=atlantic-city\">Atlantic City<\/a><\/li>\n<\/ul>\n<\/li>\n\n\n\n<li>New Mexico<\/li>\n\n\n\n<li><a href=\"https:\/\/mb2812.de\/?tag=new-york-state\" data-type=\"post_tag\" data-id=\"471\">New York<\/a>\n<ul class=\"wp-block-list\">\n<li><a href=\"https:\/\/mb2812.de\/?p=97\" data-type=\"post\" data-id=\"97\">Fire Island NS<\/a><\/li>\n\n\n\n<li>L<a href=\"https:\/\/mb2812.de\/?tag=long-island\" data-type=\"post_tag\" data-id=\"435\">ong Island<\/a><\/li>\n\n\n\n<li><a href=\"https:\/\/mb2812.de\/?tag=new-york-city\" data-type=\"post_tag\" data-id=\"470\">New York City<\/a><\/li>\n<\/ul>\n<\/li>\n\n\n\n<li><a href=\"https:\/\/mb2812.de\/?tag=north-carolina\" data-type=\"post_tag\" data-id=\"579\">North Carolina<\/a>\n<ul class=\"wp-block-list\">\n<li><a href=\"https:\/\/mb2812.de\/?tag=wilmington\" data-type=\"post_tag\" data-id=\"582\">Wilmington<\/a><\/li>\n<\/ul>\n<\/li>\n\n\n\n<li><a href=\"http:\/\/reiseblog.mb2812.de\/?tag=oregon\">Oregon<\/a>\n<ul class=\"wp-block-list\">\n<li><a href=\"https:\/\/mb2812.de\/?tag=oregon-caves\">Oregon Caves NM<\/a><\/li>\n\n\n\n<li><a href=\"https:\/\/mb2812.de\/?tag=crater-lake\">Crater Lake NP<\/a><\/li>\n<\/ul>\n<\/li>\n\n\n\n<li><a href=\"https:\/\/mb2812.de\/?tag=pennsylvania\" data-type=\"post_tag\" data-id=\"467\">Pennsylvania<\/a><\/li>\n\n\n\n<li><a href=\"https:\/\/mb2812.de\/?tag=rhode-island\" data-type=\"post_tag\" data-id=\"477\">Rhode Island<\/a><\/li>\n\n\n\n<li><a href=\"https:\/\/mb2812.de\/?tag=south-carolina\" data-type=\"post_tag\" data-id=\"581\">South Carolina<\/a>\n<ul class=\"wp-block-list\">\n<li><a href=\"https:\/\/mb2812.de\/?tag=charleston\" data-type=\"post_tag\" data-id=\"583\">Charleston<\/a><\/li>\n<\/ul>\n<\/li>\n\n\n\n<li><a href=\"https:\/\/mb2812.de\/?tag=texas\" data-type=\"post_tag\" data-id=\"531\">Texas<\/a>\n<ul class=\"wp-block-list\">\n<li><a href=\"https:\/\/mb2812.de\/?tag=houston\" data-type=\"post_tag\" data-id=\"532\">Houston<\/a><\/li>\n\n\n\n<li><a href=\"https:\/\/mb2812.de\/?tag=galveston\" data-type=\"post_tag\" data-id=\"534\">Galveston<\/a><\/li>\n<\/ul>\n<\/li>\n\n\n\n<li><a href=\"https:\/\/mb2812.de\/?tag=utah\" data-type=\"post_tag\" data-id=\"318\">Utah<\/a>\n<ul class=\"wp-block-list\">\n<li><a href=\"https:\/\/mb2812.de\/?tag=arches-national-park\" data-type=\"post_tag\" data-id=\"351\">Arches NP<\/a><\/li>\n\n\n\n<li><a href=\"https:\/\/mb2812.de\/?tag=bryce-np\" data-type=\"post_tag\" data-id=\"326\">Bryce Canyon NP<\/a><\/li>\n\n\n\n<li><a href=\"https:\/\/mb2812.de\/?tag=canyonlands\" data-type=\"post_tag\" data-id=\"352\">Canyonlands NP<\/a><\/li>\n\n\n\n<li><a href=\"https:\/\/mb2812.de\/?tag=capitol-reef\" data-type=\"post_tag\" data-id=\"329\">Capitol Reef NP<\/a><\/li>\n\n\n\n<li><a href=\"https:\/\/mb2812.de\/?tag=dead-horse-point\" data-type=\"post_tag\" data-id=\"348\">Dead Horse Point SP<\/a><\/li>\n\n\n\n<li><a href=\"https:\/\/mb2812.de\/?tag=dinosaur-nm\" data-type=\"post_tag\" data-id=\"340\">Dinosaur NM<\/a><\/li>\n\n\n\n<li><a href=\"https:\/\/mb2812.de\/?page_id=15670\" data-type=\"page\" data-id=\"15670\">Glen Canyon NRA<\/a><\/li>\n\n\n\n<li><a href=\"https:\/\/mb2812.de\/?tag=grand-staircase-escalante\" data-type=\"post_tag\" data-id=\"328\">Grand Staircase Escalante NM<\/a><\/li>\n\n\n\n<li><a href=\"https:\/\/mb2812.de\/?tag=antelope-island\" data-type=\"post_tag\" data-id=\"345\">Great Salt Lake (Antelope Island)<\/a><\/li>\n\n\n\n<li><a href=\"https:\/\/mb2812.de\/?tag=kodachrome-bassin\" data-type=\"post_tag\" data-id=\"327\">Kodachrome Bassin SP<\/a><\/li>\n\n\n\n<li><a href=\"https:\/\/mb2812.de\/?tag=moab\" data-type=\"post_tag\" data-id=\"347\">Moab<\/a><\/li>\n\n\n\n<li><a href=\"https:\/\/mb2812.de\/?tag=natural-bridges-nm\" data-type=\"post_tag\" data-id=\"332\">Natural Bridges NM<\/a><\/li>\n\n\n\n<li><a href=\"https:\/\/mb2812.de\/?tag=salt-lake-city\" data-type=\"post_tag\" data-id=\"349\">Salt Lake City<\/a><\/li>\n\n\n\n<li><a href=\"https:\/\/mb2812.de\/?tag=zion-np\" data-type=\"post_tag\" data-id=\"325\">Zion NP<\/a><\/li>\n<\/ul>\n<\/li>\n\n\n\n<li><a href=\"https:\/\/mb2812.de\/?tag=vermont\" data-type=\"post_tag\" data-id=\"504\">Vermont<\/a><\/li>\n\n\n\n<li><a href=\"https:\/\/mb2812.de\/?tag=virginia\" data-type=\"post_tag\" data-id=\"575\">Virginia<\/a><\/li>\n\n\n\n<li>Washington (State)<\/li>\n\n\n\n<li><a href=\"https:\/\/mb2812.de\/?tag=washington-dc\" data-type=\"post_tag\" data-id=\"469\">Washington, DC<\/a><\/li>\n\n\n\n<li><a href=\"https:\/\/mb2812.de\/?tag=wisconsin\" data-type=\"post_tag\" data-id=\"444\">Wisconsin<\/a>\n<ul class=\"wp-block-list\">\n<li><a href=\"https:\/\/mb2812.de\/?tag=lake-superior\" data-type=\"post_tag\" data-id=\"450\">Lake Superior<\/a><\/li>\n<\/ul>\n<\/li>\n\n\n\n<li><a href=\"https:\/\/mb2812.de\/?tag=wyoming\" data-type=\"post_tag\" data-id=\"322\">Wyoming<\/a>\n<ul class=\"wp-block-list\">\n<li><a href=\"https:\/\/mb2812.de\/?tag=yellowstone\" data-type=\"post_tag\" data-id=\"341\">Yellowstone NP<\/a><\/li>\n\n\n\n<li><a href=\"https:\/\/mb2812.de\/?tag=grand-teton\" data-type=\"post_tag\" data-id=\"342\">Grand Teton NP<\/a><\/li>\n<\/ul>\n<\/li>\n<\/ul>\n","protected":false},"excerpt":{"rendered":"<p>Viele unserer Urlaube f\u00fchrten uns in die USA. Hier die Liste der gro\u00dfen St\u00e4dte, Nationalparks und Attraktionen, die wir besucht haben &#8211; sortiert nach Staaten.<\/p>\n","protected":false},"author":1,"featured_media":15541,"parent":0,"menu_order":0,"comment_status":"closed","ping_status":"closed","template":"","meta":{"footnotes":""},"class_list":["post-12830","page","type-page","status-publish","has-post-thumbnail","hentry"],"_links":{"self":[{"href":"https:\/\/mb2812.de\/index.php?rest_route=\/wp\/v2\/pages\/12830","targetHints":{"allow":["GET"]}}],"collection":[{"href":"https:\/\/mb2812.de\/index.php?rest_route=\/wp\/v2\/pages"}],"about":[{"href":"https:\/\/mb2812.de\/index.php?rest_route=\/wp\/v2\/types\/page"}],"author":[{"embeddable":true,"href":"https:\/\/mb2812.de\/index.php?rest_route=\/wp\/v2\/users\/1"}],"replies":[{"embeddable":true,"href":"https:\/\/mb2812.de\/index.php?rest_route=%2Fwp%2Fv2%2Fcomments&post=12830"}],"version-history":[{"count":62,"href":"https:\/\/mb2812.de\/index.php?rest_route=\/wp\/v2\/pages\/12830\/revisions"}],"predecessor-version":[{"id":18842,"href":"https:\/\/mb2812.de\/index.php?rest_route=\/wp\/v2\/pages\/12830\/revisions\/18842"}],"wp:featuredmedia":[{"embeddable":true,"href":"https:\/\/mb2812.de\/index.php?rest_route=\/wp\/v2\/media\/15541"}],"wp:attachment":[{"href":"https:\/\/mb2812.de\/index.php?rest_route=%2Fwp%2Fv2%2Fmedia&parent=12830"}],"curies":[{"name":"wp","href":"https:\/\/api.w.org\/{rel}","templated":true}]}}