{"id":12706,"date":"2023-06-27T12:52:03","date_gmt":"2023-06-27T10:52:03","guid":{"rendered":"http:\/\/reiseblog.mb2812.de\/?page_id=12706"},"modified":"2025-05-08T11:13:42","modified_gmt":"2025-05-08T09:13:42","slug":"meine-reisen","status":"publish","type":"page","link":"https:\/\/mb2812.de\/?page_id=12706","title":{"rendered":"Meine Reisen"},"content":{"rendered":"\n<p>Hier die Liste meiner Urlaubsreisen seit 2005:<\/p>\n\n\n\n<ul class=\"wp-block-list\">\n<li><strong><a href=\"https:\/\/mb2812.de\/?p=6912\" data-type=\"post\" data-id=\"6912\">Ausfl\u00fcge<\/a><\/strong><br>Eine \u00dcbersicht \u00fcber eint\u00e4gige Ausfl\u00fcge und mehrt\u00e4tige Kurzreisen seit 2018<\/li>\n\n\n\n<li><strong><a href=\"https:\/\/mb2812.de\/?p=8593\" data-type=\"post\" data-id=\"8593\">2005: Florida<\/a><\/strong><br>Der erste gemeinsame USA Urlaub mit Stephan, 14 Tage durch Florida zu vielen Highlights<\/li>\n\n\n\n<li><strong><a href=\"https:\/\/mb2812.de\/?p=15882\" data-type=\"post\" data-id=\"15882\">2006: Balaton\/Graz<\/a><br><\/strong>Aus beruflichen Gr\u00fcnden fast keinen Urlaub: Ab Budapest im Sommer an den Balaton und nach Graz, und im Herbst nochmal im Salzburger Land<\/li>\n\n\n\n<li><strong><a href=\"https:\/\/mb2812.de\/?p=10024\" data-type=\"post\" data-id=\"10024\">2007: England und Schottland<\/a><\/strong><br>Mit der F\u00e4hre auf die Insel, und dann jeweils eine knappe Woche im Lake District und in den schottischen Highlands<\/li>\n\n\n\n<li><strong><a href=\"https:\/\/mb2812.de\/?p=517\" data-type=\"post\" data-id=\"517\">2008: Kalifornien<\/a><\/strong><br>Vier Wochen im Westen der USA, vorwiegend in Kalifornien mit vielen Highlights, aber auch nach Oregon und Nevada (Las Vegas).<\/li>\n\n\n\n<li><strong><a href=\"https:\/\/mb2812.de\/?p=1156\" data-type=\"post\" data-id=\"1156\">2009: Der Westen der USA<\/a><\/strong><br>Drei Wochen ab Las Vegas durch den klassischen Westen bis zum Yellowstone Nationalpark und wieder zur\u00fcck<\/li>\n\n\n\n<li><strong><a href=\"https:\/\/mb2812.de\/?p=3470\" data-type=\"post\" data-id=\"3470\">2009: Florida<\/a><\/strong><br>Zwei Wochen Erholung im S\u00fcden Floridas<\/li>\n\n\n\n<li><strong><a href=\"https:\/\/mb2812.de\/?p=1102\" data-type=\"post\" data-id=\"1102\">2010: Die Ostk\u00fcste der USA<\/a><\/strong><br>Von New York entlang der K\u00fcste nach S\u00fcden bis Ft. Myers in Florida<\/li>\n\n\n\n<li><strong><a href=\"https:\/\/mb2812.de\/?p=2884\" data-type=\"post\" data-id=\"2884\">2011: England<\/a><\/strong><br>Zun\u00e4chst ein Stop an der belgischen K\u00fcste, dann von Hull im Norden Englands s\u00fcdw\u00e4rts bis Dover mit Stops in York, dem Peak District und Cambridge<\/li>\n\n\n\n<li><strong><a href=\"https:\/\/mb2812.de\/?p=8302\" data-type=\"post\" data-id=\"8302\">2011: Der S\u00fcden der USA<\/a><\/strong><br>Von Houston in Texas entlang der Golfk\u00fcste nach Florida bis Key West<\/li>\n\n\n\n<li><strong><a href=\"https:\/\/mb2812.de\/?p=55\" data-type=\"post\" data-id=\"55\">2012: Neuengland<\/a><\/strong><br>Ausgehend von New York entlang der Atlantikk\u00fcste nach Norden zum Acadia Nationalpark in Maine und wieder zur\u00fcck<\/li>\n\n\n\n<li><strong><a href=\"https:\/\/mb2812.de\/?p=15890\" data-type=\"post\" data-id=\"15890\">2013: Mallorca<\/a><\/strong><br>2013 gab es nur einen gr\u00f6\u00dferen Urlaub, und der war auch nicht sehr lang: 14 Tage Pauschalurlaub auf Mallorca.<\/li>\n\n\n\n<li><strong><a href=\"https:\/\/mb2812.de\/?p=1422\" data-type=\"post\" data-id=\"1422\">2014: Chicago und der mittlere Westen der USA<\/a><\/strong><br>Wir waren in der &#8222;Mitte&#8220; der USA. Ab Chicago machten wir eine Rundreise durch endlose Weizenfelder, entlang des Missisippi und der gro\u00dfen Seen. Dann ging es noch mit der Eisenbahn nach New York.<\/li>\n\n\n\n<li><strong>2015: Israel<\/strong><br>Unsere einzige gro\u00dfe Reise 2015 war eine nicht wirklich touristische Reise, ein Besuch in Israel<\/li>\n\n\n\n<li><strong><a href=\"https:\/\/mb2812.de\/?p=3060\" data-type=\"post\" data-id=\"3060\">2016: Australien und Singapur<\/a><\/strong><br>Etwas v\u00f6llig anderes, es ging Richtung Osten nach Australien. Sydney und Melbourne und ein Road Trip von dort zur\u00fcck nach Sydney standen auf dem Programm. Den R\u00fcckflug unterbrachen wir f\u00fcr einen l\u00e4ngeres Stopover in SIngapur. <br><br>&#8230;<\/li>\n\n\n\n<li>Der Rest kommt demn\u00e4chst!<\/li>\n<\/ul>\n\n\n\n<p><\/p>\n","protected":false},"excerpt":{"rendered":"<p>Hier die Liste meiner Urlaubsreisen seit 2005:<\/p>\n","protected":false},"author":1,"featured_media":16076,"parent":0,"menu_order":0,"comment_status":"closed","ping_status":"closed","template":"","meta":{"footnotes":""},"class_list":["post-12706","page","type-page","status-publish","has-post-thumbnail","hentry"],"_links":{"self":[{"href":"https:\/\/mb2812.de\/index.php?rest_route=\/wp\/v2\/pages\/12706","targetHints":{"allow":["GET"]}}],"collection":[{"href":"https:\/\/mb2812.de\/index.php?rest_route=\/wp\/v2\/pages"}],"about":[{"href":"https:\/\/mb2812.de\/index.php?rest_route=\/wp\/v2\/types\/page"}],"author":[{"embeddable":true,"href":"https:\/\/mb2812.de\/index.php?rest_route=\/wp\/v2\/users\/1"}],"replies":[{"embeddable":true,"href":"https:\/\/mb2812.de\/index.php?rest_route=%2Fwp%2Fv2%2Fcomments&post=12706"}],"version-history":[{"count":7,"href":"https:\/\/mb2812.de\/index.php?rest_route=\/wp\/v2\/pages\/12706\/revisions"}],"predecessor-version":[{"id":17349,"href":"https:\/\/mb2812.de\/index.php?rest_route=\/wp\/v2\/pages\/12706\/revisions\/17349"}],"wp:featuredmedia":[{"embeddable":true,"href":"https:\/\/mb2812.de\/index.php?rest_route=\/wp\/v2\/media\/16076"}],"wp:attachment":[{"href":"https:\/\/mb2812.de\/index.php?rest_route=%2Fwp%2Fv2%2Fmedia&parent=12706"}],"curies":[{"name":"wp","href":"https:\/\/api.w.org\/{rel}","templated":true}]}}