{"id":12701,"date":"2023-06-27T12:45:20","date_gmt":"2023-06-27T10:45:20","guid":{"rendered":"http:\/\/reiseblog.mb2812.de\/?page_id=12701"},"modified":"2026-02-25T13:58:33","modified_gmt":"2026-02-25T11:58:33","slug":"wo-war-ich","status":"publish","type":"page","link":"https:\/\/mb2812.de\/?page_id=12701","title":{"rendered":"Europa"},"content":{"rendered":"\n<p>Von Nord nach S\u00fcd, die L\u00e4nder Europas, und die  Gegenden, St\u00e4dte und Sehensw\u00fcrdigkeiten, die wir dort besichtigt haben.<\/p>\n\n\n\n<div class=\"wp-block-columns is-layout-flex wp-container-core-columns-is-layout-28f84493 wp-block-columns-is-layout-flex\">\n<div class=\"wp-block-column is-layout-flow wp-block-column-is-layout-flow\" style=\"flex-basis:50%\">\n<ul class=\"wp-block-list\">\n<li><strong>Schweden<\/strong>\n<ul class=\"wp-block-list\">\n<li><a href=\"https:\/\/mb2812.de\/?tag=malmoe\" data-type=\"post_tag\" data-id=\"269\">Malm\u00f6<\/a><\/li>\n<\/ul>\n<\/li>\n\n\n\n<li><strong>D\u00e4nemark<\/strong>\n<ul class=\"wp-block-list\">\n<li><a href=\"https:\/\/mb2812.de\/?tag=kopenhagen\">Kopenhagen und Umgebung<\/a><\/li>\n\n\n\n<li><a href=\"https:\/\/mb2812.de\/?tag=helsingor\">Helsing\u00f8r<\/a><\/li>\n\n\n\n<li><a href=\"https:\/\/mb2812.de\/?tag=roskilde\">Roskilde<\/a><\/li>\n<\/ul>\n<\/li>\n\n\n\n<li><strong>Gro\u00dfbritannien<\/strong>\n<ul class=\"wp-block-list\">\n<li><a href=\"https:\/\/mb2812.de\/?tag=england\" data-type=\"post_tag\" data-id=\"120\">England<\/a>\n<ul class=\"wp-block-list\">\n<li><a href=\"https:\/\/mb2812.de\/?tag=birmingham\" data-type=\"post_tag\" data-id=\"196\">Birmingham und Midlands<\/a><\/li>\n\n\n\n<li><a href=\"https:\/\/mb2812.de\/?tag=lake-district\" data-type=\"post_tag\" data-id=\"123\">Lake District<\/a><\/li>\n\n\n\n<li>&#8222;Central&#8220; England mit London<\/li>\n\n\n\n<li><a href=\"https:\/\/mb2812.de\/?tag=liverpool\" data-type=\"post_tag\" data-id=\"200\">Liverpool<\/a><\/li>\n\n\n\n<li><a href=\"https:\/\/mb2812.de\/?tag=manchester\" data-type=\"post_tag\" data-id=\"195\">Manchester<\/a><\/li>\n\n\n\n<li><a href=\"https:\/\/mb2812.de\/?tag=nord-england\" data-type=\"post_tag\" data-id=\"360\">Nord England<\/a><\/li>\n\n\n\n<li>Peak District<\/li>\n\n\n\n<li>S\u00fcd England<\/li>\n\n\n\n<li><a href=\"https:\/\/mb2812.de\/?tag=york\" data-type=\"post_tag\" data-id=\"516\">York<\/a><\/li>\n<\/ul>\n<\/li>\n\n\n\n<li><a href=\"https:\/\/mb2812.de\/?tag=jersey\" data-type=\"post_tag\" data-id=\"187\">Jersey<\/a><\/li>\n\n\n\n<li><a href=\"https:\/\/mb2812.de\/?tag=schottland\" data-type=\"post_tag\" data-id=\"121\">Schottland<\/a>\n<ul class=\"wp-block-list\">\n<li><a href=\"https:\/\/mb2812.de\/?tag=balmoral\" data-type=\"post_tag\" data-id=\"141\">Balmoral Castle<\/a><\/li>\n\n\n\n<li><a href=\"https:\/\/mb2812.de\/?tag=edinburgh\" data-type=\"post_tag\" data-id=\"139\">Edinburgh<\/a><\/li>\n\n\n\n<li><a href=\"https:\/\/mb2812.de\/?tag=highlands\" data-type=\"post_tag\" data-id=\"143\">Highlands<\/a><\/li>\n\n\n\n<li><a href=\"https:\/\/mb2812.de\/?tag=inverness\" data-type=\"post_tag\" data-id=\"132\">Inverness<\/a><\/li>\n<\/ul>\n<\/li>\n\n\n\n<li><a href=\"https:\/\/mb2812.de\/?tag=wales\" data-type=\"post_tag\" data-id=\"522\">Wales<\/a>\n<ul class=\"wp-block-list\">\n<li><a href=\"https:\/\/mb2812.de\/?tag=llandudno\" data-type=\"post_tag\" data-id=\"523\">Llandudno<\/a><\/li>\n<\/ul>\n<\/li>\n<\/ul>\n<\/li>\n\n\n\n<li><strong>Niederlande<\/strong>\n<ul class=\"wp-block-list\">\n<li><a href=\"https:\/\/mb2812.de\/?tag=amsterdam\" data-type=\"post_tag\" data-id=\"209\">Amsterdam<\/a><\/li>\n\n\n\n<li><a href=\"https:\/\/mb2812.de\/?tag=ijmuiden\" data-type=\"post_tag\" data-id=\"46\">IJmuiden<\/a><\/li>\n\n\n\n<li><a href=\"https:\/\/mb2812.de\/?tag=texel\" data-type=\"post_tag\" data-id=\"536\">Texel<\/a><\/li>\n\n\n\n<li><a href=\"https:\/\/mb2812.de\/?tag=zandvoort\" data-type=\"post_tag\" data-id=\"45\">Zandvoort<\/a><\/li>\n<\/ul>\n<\/li>\n\n\n\n<li><strong>Belgien<\/strong>\n<ul class=\"wp-block-list\">\n<li><a href=\"https:\/\/mb2812.de\/?tag=brugge\" data-type=\"post_tag\" data-id=\"512\">Brugge \/ Knocke<\/a><\/li>\n<\/ul>\n<\/li>\n\n\n\n<li><strong>Frankreich<\/strong>\n<ul class=\"wp-block-list\">\n<li>Beaune<\/li>\n\n\n\n<li><a href=\"https:\/\/mb2812.de\/?tag=burgund\">Burgund<\/a><\/li>\n\n\n\n<li><a href=\"https:\/\/mb2812.de\/?tag=cluny\">Cluny (Abtei)<\/a><\/li>\n\n\n\n<li>Dijon<\/li>\n\n\n\n<li>Elsa\u00df<\/li>\n\n\n\n<li>Lothringen<\/li>\n\n\n\n<li>Fontenay (Abtei)<\/li>\n\n\n\n<li><a href=\"https:\/\/mb2812.de\/?tag=nancy\">Nancy<\/a><\/li>\n\n\n\n<li><a href=\"https:\/\/mb2812.de\/?tag=strassbourg\" data-type=\"post_tag\" data-id=\"201\">Strassbourg<\/a><\/li>\n\n\n\n<li><a href=\"https:\/\/mb2812.de\/?tag=troye\">Troyes<\/a><\/li>\n<\/ul>\n<\/li>\n<\/ul>\n<\/div>\n\n\n\n<div class=\"wp-block-column is-layout-flow wp-block-column-is-layout-flow\" style=\"flex-basis:50%\">\n<ul class=\"wp-block-list\">\n<li><strong>\u00d6sterreich<\/strong>\n<ul class=\"wp-block-list\">\n<li><a href=\"https:\/\/mb2812.de\/?tag=graz\">Graz<\/a><\/li>\n\n\n\n<li><a href=\"https:\/\/mb2812.de\/?tag=salzburg\">Salzburg und Salzburger Land<\/a><\/li>\n\n\n\n<li><a href=\"https:\/\/mb2812.de\/?tag=soelden\">S\u00f6lden<\/a><\/li>\n<\/ul>\n<\/li>\n\n\n\n<li><strong>Ungarn<\/strong>\n<ul class=\"wp-block-list\">\n<li><a href=\"https:\/\/mb2812.de\/?tag=balaton\" data-type=\"post_tag\" data-id=\"375\">Balaton (Plattensee)<\/a><\/li>\n\n\n\n<li>Budapest<\/li>\n<\/ul>\n<\/li>\n\n\n\n<li><strong>Schweiz<\/strong>\n<ul class=\"wp-block-list\">\n<li><a href=\"https:\/\/mb2812.de\/?tag=nordostschweiz\" data-type=\"post_tag\" data-id=\"207\">Nordostschweiz \/ Bodensee<\/a>\n<ul class=\"wp-block-list\">\n<li><a href=\"https:\/\/mb2812.de\/?tag=schaffhausen\" data-type=\"post_tag\" data-id=\"279\">Schaffhausen\/Rheinfall<\/a><\/li>\n\n\n\n<li>Appenzell\/St. Gallen<\/li>\n<\/ul>\n<\/li>\n\n\n\n<li><a href=\"https:\/\/mb2812.de\/?tag=zentralschweiz\" data-type=\"post_tag\" data-id=\"49\">Zentralschweiz<\/a>\n<ul class=\"wp-block-list\">\n<li><a href=\"https:\/\/mb2812.de\/?tag=zuerich\" data-type=\"post_tag\" data-id=\"58\">Z\u00fcrich<\/a><\/li>\n\n\n\n<li><a href=\"https:\/\/mb2812.de\/?tag=luzern\" data-type=\"post_tag\" data-id=\"55\">Luzern<\/a><\/li>\n<\/ul>\n<\/li>\n\n\n\n<li><a href=\"https:\/\/mb2812.de\/?tag=berner-oberland\" data-type=\"post_tag\" data-id=\"147\">Berner Oberland<\/a>\n<ul class=\"wp-block-list\">\n<li><a href=\"https:\/\/mb2812.de\/?tag=spiez\" data-type=\"post_tag\" data-id=\"50\">Spiez<\/a><\/li>\n\n\n\n<li><a href=\"https:\/\/mb2812.de\/?tag=jungfrauregion,interlaken\" data-type=\"post_tag\" data-id=\"51\">Interlaken\/Jungfrauregion<\/a><\/li>\n\n\n\n<li><a href=\"https:\/\/mb2812.de\/?tag=lenk-im-simmental\" data-type=\"post_tag\" data-id=\"277\">Simmental<\/a><\/li>\n<\/ul>\n<\/li>\n\n\n\n<li><a href=\"https:\/\/mb2812.de\/?tag=tessin\" data-type=\"post_tag\" data-id=\"60\">Tessin<\/a>\n<ul class=\"wp-block-list\">\n<li><a href=\"https:\/\/mb2812.de\/?tag=locarno\" data-type=\"post_tag\" data-id=\"61\">Locarno<\/a><\/li>\n\n\n\n<li><a href=\"https:\/\/mb2812.de\/?tag=lugano\" data-type=\"post_tag\" data-id=\"64\">Lugano<\/a><\/li>\n<\/ul>\n<\/li>\n<\/ul>\n<\/li>\n\n\n\n<li><strong>Italien<\/strong>\n<ul class=\"wp-block-list\">\n<li><a href=\"https:\/\/mb2812.de\/?tag=mailand\" data-type=\"post_tag\" data-id=\"181\">Mailand<\/a><\/li>\n\n\n\n<li><a href=\"https:\/\/mb2812.de\/?tag=como\" data-type=\"post_tag\" data-id=\"184\">Como<\/a><\/li>\n<\/ul>\n<\/li>\n\n\n\n<li><strong>Spanien<\/strong>\n<ul class=\"wp-block-list\">\n<li><a href=\"https:\/\/mb2812.de\/?tag=mallorca\" data-type=\"post_tag\" data-id=\"378\">Mallorca<\/a><\/li>\n<\/ul>\n<\/li>\n<\/ul>\n\n\n\n<p><\/p>\n<\/div>\n<\/div>\n\n\n\n<p><\/p>\n","protected":false},"excerpt":{"rendered":"<p>Von Nord nach S\u00fcd, die L\u00e4nder Europas, und die Gegenden, St\u00e4dte und Sehensw\u00fcrdigkeiten, die wir dort besichtigt haben.<\/p>\n","protected":false},"author":1,"featured_media":15675,"parent":0,"menu_order":0,"comment_status":"closed","ping_status":"closed","template":"","meta":{"footnotes":""},"class_list":["post-12701","page","type-page","status-publish","has-post-thumbnail","hentry"],"_links":{"self":[{"href":"https:\/\/mb2812.de\/index.php?rest_route=\/wp\/v2\/pages\/12701","targetHints":{"allow":["GET"]}}],"collection":[{"href":"https:\/\/mb2812.de\/index.php?rest_route=\/wp\/v2\/pages"}],"about":[{"href":"https:\/\/mb2812.de\/index.php?rest_route=\/wp\/v2\/types\/page"}],"author":[{"embeddable":true,"href":"https:\/\/mb2812.de\/index.php?rest_route=\/wp\/v2\/users\/1"}],"replies":[{"embeddable":true,"href":"https:\/\/mb2812.de\/index.php?rest_route=%2Fwp%2Fv2%2Fcomments&post=12701"}],"version-history":[{"count":38,"href":"https:\/\/mb2812.de\/index.php?rest_route=\/wp\/v2\/pages\/12701\/revisions"}],"predecessor-version":[{"id":18829,"href":"https:\/\/mb2812.de\/index.php?rest_route=\/wp\/v2\/pages\/12701\/revisions\/18829"}],"wp:featuredmedia":[{"embeddable":true,"href":"https:\/\/mb2812.de\/index.php?rest_route=\/wp\/v2\/media\/15675"}],"wp:attachment":[{"href":"https:\/\/mb2812.de\/index.php?rest_route=%2Fwp%2Fv2%2Fmedia&parent=12701"}],"curies":[{"name":"wp","href":"https:\/\/api.w.org\/{rel}","templated":true}]}}